{"id":71,"date":"2024-10-30T17:05:33","date_gmt":"2024-10-30T17:05:33","guid":{"rendered":"https:\/\/iotvigil.deib.polimi.it\/?page_id=71"},"modified":"2024-10-30T17:06:08","modified_gmt":"2024-10-30T17:06:08","slug":"project-partners","status":"publish","type":"page","link":"https:\/\/iotvigil.deib.polimi.it\/?page_id=71","title":{"rendered":"Partner di progetto"},"content":{"rendered":"\n<h3 class=\"wp-block-heading\">Infoteam<\/h3>\n\n\n\n<p>La partnership \u00e8 guidata da <strong>Infoteam <\/strong>S.r.l., una <strong>PMI Innovativa<\/strong> specializzata in IT e System Integration. Infoteam porta la sua esperienza in sicurezza delle informazioni, integrazione di sistemi e sviluppo software. L\u2019azienda ha una forte attenzione alla catena di valore dell\u2019ICT e investe nel R&amp;D per rimanere competitiva. Infoteam ha sviluppato competenze specialistiche nella progettazione e sviluppo di software basati sull\u2019approccio Agile, utilizzando il modello DevOps e architetture orientate ai micro-servizi. Questo permette l\u2019integrazione e la distribuzione continua dei prodotti applicativi, migliorando affidabilit\u00e0, tempi di rilascio, sicurezza e scalabilit\u00e0. Infoteam supporta i clienti nella gestione delle infrastrutture ICT, fornendo assistenza su servizi specialistici come la progettazione di sistemi di monitoraggio e l\u2019implementazione di infrastrutture resilienti Hybrid Cloud. Infoteam sar\u00e0 impegnata nel progetto principalmente sulla valutazione del rischio cyber in ambito IT trasferito al mondo OT e contribuir\u00e0 alla definizione delle procedure tecniche relative a Vulnerability Assessment e Penetration Testing. Infoteam completer\u00e0 le sue competenze aziendali attraverso l\u2019acquisizione di competenze nella progettazione e implementazione di progetti che utilizzano tecnologie abilitanti. Infoteam, con la sua vasta esperienza nel campo ICT e come integratore di sistemi, amplia ulteriormente la portata della partnership. Le competenze aziendali di Infoteam coprono un\u2019ampia gamma di settori IT\/OT, tra cui i sistemi data-center per l\u2019impresa e la pubblica amministrazione, la fornitura e il supporto di sistemi e dispositivi connessi, e l\u2019integrazione di sistemi software ed OT in campo sanitario e nelle infrastrutture critiche. Infoteam ha contribuito a numerosi progetti rilevanti, tra cui INRIMA Cybersecurity, un software per la compliance normativa, e Landscape, un progetto per l\u2019integrazione e la gestione dei dispositivi OT nelle strutture sanitarie. Infoteam offre anche consulenza, formazione e predisposizione di politiche in ambito Cybersecurity presso infrastrutture critiche come gestori di acquedotti, sanit\u00e0 pubblica e privata, e servizi di emergenza. Infoteam gestisce anche i servizi di Cybersecurity per le infrastrutture IT della Regione Abruzzo, Provincia di Pescara, e altre istituzioni locali. Queste competenze e esperienze arricchiscono ulteriormente la partnership e contribuiscono al successo del progetto.<\/p>\n\n\n\n<h3 class=\"wp-block-heading\">Project Innovation<\/h3>\n\n\n\n<p>All\u2019interno di questa partnership sinergica, <strong>Project Innovation<\/strong> emerge come un pioniere dell&#8217;eccellenza tecnologica, forgiando soluzioni complete per progetti, aziende e professionisti. Fondata sulla filosofia di mettere al centro del processo il cliente e gli utenti finali, Project Innovation si distingue per il suo team altamente qualificato e competente.<br>L&#8217;inserimento di Project Innovation nella partnership apporta un elemento cruciale di innovazione integrata. La societ\u00e0 non solo offre soluzioni tecnologiche all&#8217;avanguardia, ma personalizza ogni approccio per rispondere alle esigenze specifiche di ciascun cliente. Questo approccio si allinea perfettamente con la filosofia di Infoteam S.r.l. e del Politecnico di Milano, creando un ecosistema sinergico incentrato sull&#8217;innovazione.<br>La competenza di Project Innovation in settori chiave come lo sviluppo software embedded, le applicazioni mobile e la gestione dei database si integra organicamente con le specializzazioni di Infoteam S.r.l., focalizzate su sicurezza informatica, integrazione di sistemi e sviluppo software basato su metodologie agili e architetture orientate ai micro-servizi.<br>In questa partnership, Project Innovation si presenta come un partner affidabile e competente, impegnato a contribuire con soluzioni su misura per affrontare le sfide tecnologiche emergenti.<\/p>\n\n\n\n<h3 class=\"wp-block-heading\">Politecnico di Milano<\/h3>\n\n\n\n<p>Il <strong>Politecnico di Milano<\/strong>, in qualit\u00e0 di OdR partner del progetto, \u00e8 un\u2019universit\u00e0 leader nella formazione e ricerca, con oltre 47.000 studenti, 1500 professori e ricercatori, e quasi 3000 dottorandi e assegnisti di ricerca. Il personale coinvolto nel progetto appartiene al laboratorio HEAP, che si concentra sulla progettazione di architetture hardware e software all\u2019avanguardia e sullo sviluppo di nuove metodologie e prototipi. Le aree di interesse del gruppo spaziano dalla crittografia applicata alla gestione delle risorse di runtime, dai sensori wireless alle reti di sistemi embedded. Il Politecnico di Milano\/HEAP Lab \u00e8 un leader nella ricerca scientifica nel settore della crittografia applicata, della sicurezza dei sistemi informatici e della progettazione di sistemi hardware-software sicuri. Le competenze specifiche apportate nel progetto riguardano le tecnologie dei compilatori applicate alla sicurezza, l\u2019analisi automatizzata delle vulnerabilit\u00e0 e l\u2019applicazione automatica di tecniche di fuzzing da parte del compilatore. La partecipazione al progetto offre al Politecnico di Milano un\u2019importante opportunit\u00e0 per avviare attivit\u00e0 di trasferimento tecnologico verso nuovi partner industriali e permette agli studenti coinvolti nelle attivit\u00e0 di ricerca di trovare opportunit\u00e0 lavorative sul territorio nazionale coerenti con gli studi svolti.<\/p>\n","protected":false},"excerpt":{"rendered":"<p>Infoteam La partnership \u00e8 guidata da Infoteam S.r.l., una PMI Innovativa specializzata in IT e System Integration. Infoteam porta la sua esperienza in sicurezza delle informazioni, integrazione di sistemi e sviluppo software. L\u2019azienda ha una forte attenzione alla catena di valore dell\u2019ICT e investe nel R&amp;D per rimanere competitiva. Infoteam ha sviluppato competenze specialistiche nella [&hellip;]<\/p>\n","protected":false},"author":5,"featured_media":0,"parent":0,"menu_order":0,"comment_status":"closed","ping_status":"closed","template":"","meta":{"footnotes":""},"class_list":["post-71","page","type-page","status-publish","hentry"],"_links":{"self":[{"href":"https:\/\/iotvigil.deib.polimi.it\/index.php?rest_route=\/wp\/v2\/pages\/71","targetHints":{"allow":["GET"]}}],"collection":[{"href":"https:\/\/iotvigil.deib.polimi.it\/index.php?rest_route=\/wp\/v2\/pages"}],"about":[{"href":"https:\/\/iotvigil.deib.polimi.it\/index.php?rest_route=\/wp\/v2\/types\/page"}],"author":[{"embeddable":true,"href":"https:\/\/iotvigil.deib.polimi.it\/index.php?rest_route=\/wp\/v2\/users\/5"}],"replies":[{"embeddable":true,"href":"https:\/\/iotvigil.deib.polimi.it\/index.php?rest_route=%2Fwp%2Fv2%2Fcomments&post=71"}],"version-history":[{"count":3,"href":"https:\/\/iotvigil.deib.polimi.it\/index.php?rest_route=\/wp\/v2\/pages\/71\/revisions"}],"predecessor-version":[{"id":74,"href":"https:\/\/iotvigil.deib.polimi.it\/index.php?rest_route=\/wp\/v2\/pages\/71\/revisions\/74"}],"wp:attachment":[{"href":"https:\/\/iotvigil.deib.polimi.it\/index.php?rest_route=%2Fwp%2Fv2%2Fmedia&parent=71"}],"curies":[{"name":"wp","href":"https:\/\/api.w.org\/{rel}","templated":true}]}}